{"id":10,"date":"2026-03-11T20:55:55","date_gmt":"2026-03-11T20:55:55","guid":{"rendered":"https:\/\/velemenyek.mtgravir.hu\/?page_id=10"},"modified":"2026-03-11T23:06:45","modified_gmt":"2026-03-11T23:06:45","slug":"velemenyek","status":"publish","type":"page","link":"https:\/\/velemenyek.mtgravir.hu\/","title":{"rendered":"V\u00e9lem\u00e9nyek"},"content":{"rendered":"\t\t<div data-elementor-type=\"wp-page\" data-elementor-id=\"10\" class=\"elementor elementor-10\">\n\t\t\t\t<div class=\"elementor-element elementor-element-31d9dc4 e-flex e-con-boxed e-con e-parent\" data-id=\"31d9dc4\" data-element_type=\"container\" data-e-type=\"container\">\n\t\t\t\t\t<div class=\"e-con-inner\">\n\t\t\t\t<div class=\"elementor-element elementor-element-2989d9d elementor-widget elementor-widget-html\" data-id=\"2989d9d\" data-element_type=\"widget\" data-e-type=\"widget\" data-widget_type=\"html.default\">\n\t\t\t\t\t<div class=\"shop-header\">\r\n    <a href=\"https:\/\/www.mtgravir.hu\" class=\"shop-button\">\r\n        Ir\u00e1ny a webshop \u2192\r\n    <\/a>\r\n<\/div>\r\n\r\n<style>\r\n\r\n.shop-header{\r\n    width:100%;\r\n    display:flex;\r\n    justify-content:center;\r\n    padding:20px 0;\r\n}\r\n\r\n.shop-header .shop-button{\r\n    background:#7b4a27 !important;\r\n    color:#ffffff !important;\r\n    padding:14px 28px;\r\n    text-decoration:none !important;\r\n    font-weight:600;\r\n    border-radius:6px;\r\n    font-size:18px;\r\n    transition:0.25s;\r\n}\r\n\r\n.shop-header .shop-button:hover{\r\n    background:#5f381d !important;\r\n    color:#ffffff !important;\r\n}\r\n\r\n<\/style>\t\t\t\t<\/div>\n\t\t\t\t\t<\/div>\n\t\t\t\t<\/div>\n\t\t<div class=\"elementor-element elementor-element-784ecbc e-con-full e-flex e-con e-parent\" data-id=\"784ecbc\" data-element_type=\"container\" data-e-type=\"container\" data-settings=\"{&quot;background_background&quot;:&quot;classic&quot;}\">\n\t\t\t\t<div class=\"elementor-element elementor-element-5852a3d elementor-invisible elementor-widget elementor-widget-heading\" data-id=\"5852a3d\" data-element_type=\"widget\" data-e-type=\"widget\" data-settings=\"{&quot;_animation&quot;:&quot;fadeInUp&quot;}\" data-widget_type=\"heading.default\">\n\t\t\t\t\t<h1 class=\"elementor-heading-title elementor-size-default\">N\u00e9zd meg mit mondanak r\u00f3lunk <br>a v\u00e1s\u00e1rl\u00f3ink<\/h1>\t\t\t\t<\/div>\n\t\t\t\t<div class=\"elementor-element elementor-element-4047a84 elementor-invisible elementor-widget elementor-widget-heading\" data-id=\"4047a84\" data-element_type=\"widget\" data-e-type=\"widget\" data-settings=\"{&quot;_animation&quot;:&quot;fadeInUp&quot;}\" data-widget_type=\"heading.default\">\n\t\t\t\t\t<h2 class=\"elementor-heading-title elementor-size-default\">\u2b50\u2b50\u2b50\u2b50 <br>\n5.0 \/ 5 \u00e9rt\u00e9kel\u00e9s<br>\n81 Google-v\u00e9lem\u00e9ny alapj\u00e1n<\/h2>\t\t\t\t<\/div>\n\t\t\t\t<\/div>\n\t\t<div class=\"elementor-element elementor-element-e7cfed0 e-flex e-con-boxed e-con e-parent\" data-id=\"e7cfed0\" data-element_type=\"container\" data-e-type=\"container\">\n\t\t\t\t\t<div class=\"e-con-inner\">\n\t\t\t\t<div class=\"elementor-element elementor-element-5cdf26c elementor-widget elementor-widget-shortcode\" data-id=\"5cdf26c\" data-element_type=\"widget\" data-e-type=\"widget\" data-widget_type=\"shortcode.default\">\n\t\t\t\t\t\t\t<div class=\"elementor-shortcode\"><pre class=\"ti-widget\"><template id=\"trustindex-google-widget-html\"><div class=\" ti-widget  ti-goog ti-disable-font ti-show-rating-text ti-review-text-mode-readmore ti-text-align-left\" data-no-translation=\"true\" data-time-locale=\"%d %s|ma|napja|napja|hete|hete|h\u00f3napja|h\u00f3napja|\u00e9ve|\u00e9ve\" data-plugin-version=\"13.2.7\" data-layout-id=\"13\" data-layout-category=\"slider\" data-set-id=\"light-background\" data-pid=\"\" data-language=\"hu\" data-close-locale=\"Bez\u00e1r\u00e1s\" data-review-target-width=\"275\" data-css-version=\"2\" data-reply-by-locale=\"V\u00e1lasz a tulajdonost\u00f3l\" data-only-rating-locale=\"Ez a felhaszn\u00e1l\u00f3 csak egy \u00e9rt\u00e9kel\u00e9st hagyott.\" data-pager-autoplay-timeout=\"6\"> <div class=\"ti-widget-container ti-col-4\"> <div class=\"ti-footer source-Google\"> <div class=\"ti-row\"> <div class=\"ti-profile-img\"> <trustindex-image data-imgurl=\"https:\/\/lh4.googleusercontent.com\/-no7j-NXW9eY\/AAAAAAAAAAI\/AAAAAAAAAAA\/rhR0ulbWzbo\/s160-p-k-no-ns-nd\/photo.jpg\" alt=\"MT grav\u00edr\" loading=\"lazy\"><\/trustindex-image> <\/div> <div class=\"ti-profile-details\"> <div class=\"ti-name\"> MT grav\u00edr<\/div> <span class=\"ti-stars\"><trustindex-image class=\"ti-star\" data-imgurl=\"https:\/\/cdn.trustindex.io\/assets\/platform\/Google\/star\/f.svg\" alt=\"Google\" width=\"17\" height=\"17\" loading=\"lazy\"><\/trustindex-image><trustindex-image class=\"ti-star\" data-imgurl=\"https:\/\/cdn.trustindex.io\/assets\/platform\/Google\/star\/f.svg\" alt=\"Google\" width=\"17\" height=\"17\" loading=\"lazy\"><\/trustindex-image><trustindex-image class=\"ti-star\" data-imgurl=\"https:\/\/cdn.trustindex.io\/assets\/platform\/Google\/star\/f.svg\" alt=\"Google\" width=\"17\" height=\"17\" loading=\"lazy\"><\/trustindex-image><trustindex-image class=\"ti-star\" data-imgurl=\"https:\/\/cdn.trustindex.io\/assets\/platform\/Google\/star\/f.svg\" alt=\"Google\" width=\"17\" height=\"17\" loading=\"lazy\"><\/trustindex-image><trustindex-image class=\"ti-star\" data-imgurl=\"https:\/\/cdn.trustindex.io\/assets\/platform\/Google\/star\/f.svg\" alt=\"Google\" width=\"17\" height=\"17\" loading=\"lazy\"><\/trustindex-image><\/span> <div class=\"ti-rating-text\"> <span class=\"nowrap\"><strong>81 Google v\u00e9lem\u00e9ny<\/strong><\/span> <\/div> <div class=\"ti-header-write-btn-container\"> <a href=\"https:\/\/admin.trustindex.io\/api\/googleWriteReview?place-id=ChIJs0HewlCXQ0cRdc5nvXirgbY\" class=\"ti-header-write-btn\" role=\"button\" aria-label=\"Google \u00e9rt\u00e9kel\u00e9s \u00edr\u00e1sa\" target=\"_blank\" rel=\"noopener\">\u00c9rt\u00e9kel\u00e9s \u00edr\u00e1sa<\/a> <\/div>  <\/div> <\/div> <\/div> <div class=\"ti-reviews-container\"> <div class=\"ti-controls\"> <div class=\"ti-next\" aria-label=\"K\u00f6vetkez\u0151 v\u00e9lem\u00e9ny\" role=\"button\" tabindex=\"0\"><\/div> <div class=\"ti-prev\" aria-label=\"El\u0151z\u0151 v\u00e9lem\u00e9ny\" role=\"button\" tabindex=\"0\"><\/div> <\/div> <div class=\"ti-reviews-container-wrapper\">  <div data-empty=\"0\" data-time=\"1770768000\" class=\"ti-review-item source-Google ti-image-layout-thumbnail\" data-id=\"cfcd208495d565ef66e7dff9f98764da\"> <div class=\"ti-inner\"> <div class=\"ti-review-header\"> <div class=\"ti-platform-icon ti-with-tooltip\"> <span class=\"ti-tooltip\">K\u00f6zz\u00e9t\u00e9ve itt: <\/span> <trustindex-image data-imgurl=\"https:\/\/cdn.trustindex.io\/assets\/platform\/Google\/icon.svg\" alt=\"\" width=\"20\" height=\"20\" loading=\"lazy\"><\/trustindex-image> <\/div> <div class=\"ti-profile-img\"> <trustindex-image data-imgurl=\"https:\/\/lh3.googleusercontent.com\/a-\/ALV-UjWRuClE2OA_E9A_rwbhbhmXJ-vTUPM7AT-PN6J6XuCZw8_-YqQ4=w40-h40-c-rp-mo-br100\" alt=\"No\u00e9mi Gom\u00e1ny profile picture\" loading=\"lazy\"><\/trustindex-image> <\/div> <div class=\"ti-profile-details\"> <div class=\"ti-name\"> No\u00e9mi Gom\u00e1ny <\/div> <div class=\"ti-date\"><\/div> <\/div> <\/div> <span class=\"ti-stars\"><trustindex-image class=\"ti-star\" data-imgurl=\"https:\/\/cdn.trustindex.io\/assets\/platform\/Google\/star\/f.svg\" alt=\"Google\" width=\"17\" height=\"17\" loading=\"lazy\"><\/trustindex-image><trustindex-image class=\"ti-star\" data-imgurl=\"https:\/\/cdn.trustindex.io\/assets\/platform\/Google\/star\/f.svg\" alt=\"Google\" width=\"17\" height=\"17\" loading=\"lazy\"><\/trustindex-image><trustindex-image class=\"ti-star\" data-imgurl=\"https:\/\/cdn.trustindex.io\/assets\/platform\/Google\/star\/f.svg\" alt=\"Google\" width=\"17\" height=\"17\" loading=\"lazy\"><\/trustindex-image><trustindex-image class=\"ti-star\" data-imgurl=\"https:\/\/cdn.trustindex.io\/assets\/platform\/Google\/star\/f.svg\" alt=\"Google\" width=\"17\" height=\"17\" loading=\"lazy\"><\/trustindex-image><trustindex-image class=\"ti-star\" data-imgurl=\"https:\/\/cdn.trustindex.io\/assets\/platform\/Google\/star\/f.svg\" alt=\"Google\" width=\"17\" height=\"17\" loading=\"lazy\"><\/trustindex-image><span class=\"ti-verified-review ti-verified-platform\"><span class=\"ti-verified-tooltip\">A Trustindex hiteles\u00edti, hogy a v\u00e9lem\u00e9ny eredeti forr\u00e1sa Google.<\/span><\/span><\/span> <div class=\"ti-review-text-container ti-review-content\"><!-- R-CONTENT -->Egyedi mint\u00e1val rendeltem kulcsakaszt\u00f3t, a term\u00e9k prec\u00edzen lett kivitelezve, gy\u00f6ny\u00f6r\u0171 lett!\nMindenkinek szeretettel aj\u00e1nlom \u0150ket!<br \/><br \/><strong class=\"ti-reply-by-owner-title\">V\u00e1lasz a tulajdonost\u00f3l<\/strong><br \/>Kedves No\u00e9mi! H\u00e1l\u00e1san k\u00f6sz\u00f6nj\u00fck a kedves \u00e9rt\u00e9kel\u00e9st \u00e9s a bizalmat! \u00d6r\u00f6m\u00fcnkre szolg\u00e1lt elk\u00e9sz\u00edteni ezt az egyedi mint\u00e1s kulcsakaszt\u00f3t. Ha a j\u00f6v\u0151ben is sz\u00fcks\u00e9ged lenne min\u0151s\u00e9gi grav\u00edroz\u00e1sra, keress minket bizalommal!\n\u200b\u00dcdv\u00f6zlettel: M\u00f3nika \u00e9s Tam\u00e1s\u2013 MT grav\u00edr<!-- R-CONTENT --><\/div> <span class=\"ti-read-more\" data-container=\".ti-review-content\" data-collapse-text=\"Elrejt\" data-open-text=\"Olvass tov\u00e1bb\"><\/span> <\/div> <\/div>  <div data-empty=\"0\" data-time=\"1754006400\" class=\"ti-review-item source-Google ti-image-layout-thumbnail\" data-id=\"cfcd208495d565ef66e7dff9f98764da\"> <div class=\"ti-inner\"> <div class=\"ti-review-header\"> <div class=\"ti-platform-icon ti-with-tooltip\"> <span class=\"ti-tooltip\">K\u00f6zz\u00e9t\u00e9ve itt: <\/span> <trustindex-image data-imgurl=\"https:\/\/cdn.trustindex.io\/assets\/platform\/Google\/icon.svg\" alt=\"\" width=\"20\" height=\"20\" loading=\"lazy\"><\/trustindex-image> <\/div> <div class=\"ti-profile-img\"> <trustindex-image data-imgurl=\"https:\/\/lh3.googleusercontent.com\/a\/ACg8ocKuvrsZMwhmsQqOO_hpgxi6y0tcM8f5nCxjcZNPij56QA6qwQ=w40-h40-c-rp-mo-br100\" alt=\"Nikolett N\u00e9meth profile picture\" loading=\"lazy\"><\/trustindex-image> <\/div> <div class=\"ti-profile-details\"> <div class=\"ti-name\"> Nikolett N\u00e9meth <\/div> <div class=\"ti-date\"><\/div> <\/div> <\/div> <span class=\"ti-stars\"><trustindex-image class=\"ti-star\" data-imgurl=\"https:\/\/cdn.trustindex.io\/assets\/platform\/Google\/star\/f.svg\" alt=\"Google\" width=\"17\" height=\"17\" loading=\"lazy\"><\/trustindex-image><trustindex-image class=\"ti-star\" data-imgurl=\"https:\/\/cdn.trustindex.io\/assets\/platform\/Google\/star\/f.svg\" alt=\"Google\" width=\"17\" height=\"17\" loading=\"lazy\"><\/trustindex-image><trustindex-image class=\"ti-star\" data-imgurl=\"https:\/\/cdn.trustindex.io\/assets\/platform\/Google\/star\/f.svg\" alt=\"Google\" width=\"17\" height=\"17\" loading=\"lazy\"><\/trustindex-image><trustindex-image class=\"ti-star\" data-imgurl=\"https:\/\/cdn.trustindex.io\/assets\/platform\/Google\/star\/f.svg\" alt=\"Google\" width=\"17\" height=\"17\" loading=\"lazy\"><\/trustindex-image><trustindex-image class=\"ti-star\" data-imgurl=\"https:\/\/cdn.trustindex.io\/assets\/platform\/Google\/star\/f.svg\" alt=\"Google\" width=\"17\" height=\"17\" loading=\"lazy\"><\/trustindex-image><span class=\"ti-verified-review ti-verified-platform\"><span class=\"ti-verified-tooltip\">A Trustindex hiteles\u00edti, hogy a v\u00e9lem\u00e9ny eredeti forr\u00e1sa Google.<\/span><\/span><\/span> <div class=\"ti-review-text-container ti-review-content\"><!-- R-CONTENT -->Nagyon kedvesek \u00e9s seg\u00edt\u0151k\u00e9szek.\nMinden rendben volt. V\u00e9gig t\u00e1j\u00e9koztattak a rendel\u00e9sr\u0151l, m\u00e9g a sz\u00e1ll\u00edt\u00e1s alatt is.<br \/><br \/><strong class=\"ti-reply-by-owner-title\">V\u00e1lasz a tulajdonost\u00f3l<\/strong><br \/>Kedves Nikolett!\nNagyon k\u00f6sz\u00f6nj\u00fck a visszajelz\u00e9sed! \u00d6r\u00fcl\u00fcnk, hogy minden rendben zajlott. Igyeksz\u00fcnk mindig figyelni arra, hogy a rendel\u00e9s sor\u00e1n v\u00e9gig t\u00e1j\u00e9koztassunk. J\u00f3 \u00e9rz\u00e9s, hogy ezt \u00e9rt\u00e9kelted!\n\u00dcdv\u00f6zlettel: M\u00f3nika \u00e9s Tam\u00e1s<!-- R-CONTENT --><\/div> <span class=\"ti-read-more\" data-container=\".ti-review-content\" data-collapse-text=\"Elrejt\" data-open-text=\"Olvass tov\u00e1bb\"><\/span> <\/div> <\/div>  <div data-empty=\"0\" data-time=\"1748476800\" class=\"ti-review-item source-Google ti-image-layout-thumbnail\" data-id=\"cfcd208495d565ef66e7dff9f98764da\"> <div class=\"ti-inner\"> <div class=\"ti-review-header\"> <div class=\"ti-platform-icon ti-with-tooltip\"> <span class=\"ti-tooltip\">K\u00f6zz\u00e9t\u00e9ve itt: <\/span> <trustindex-image data-imgurl=\"https:\/\/cdn.trustindex.io\/assets\/platform\/Google\/icon.svg\" alt=\"\" width=\"20\" height=\"20\" loading=\"lazy\"><\/trustindex-image> <\/div> <div class=\"ti-profile-img\"> <trustindex-image data-imgurl=\"https:\/\/lh3.googleusercontent.com\/a\/ACg8ocKGrez1qY-WzdAylj-SyUpdeGPXaMtXOkCHVWIPy_m_apGbtiSl=w40-h40-c-rp-mo-ba3-br100\" alt=\"Rita Simon profile picture\" loading=\"lazy\"><\/trustindex-image> <\/div> <div class=\"ti-profile-details\"> <div class=\"ti-name\"> Rita Simon <\/div> <div class=\"ti-date\"><\/div> <\/div> <\/div> <span class=\"ti-stars\"><trustindex-image class=\"ti-star\" data-imgurl=\"https:\/\/cdn.trustindex.io\/assets\/platform\/Google\/star\/f.svg\" alt=\"Google\" width=\"17\" height=\"17\" loading=\"lazy\"><\/trustindex-image><trustindex-image class=\"ti-star\" data-imgurl=\"https:\/\/cdn.trustindex.io\/assets\/platform\/Google\/star\/f.svg\" alt=\"Google\" width=\"17\" height=\"17\" loading=\"lazy\"><\/trustindex-image><trustindex-image class=\"ti-star\" data-imgurl=\"https:\/\/cdn.trustindex.io\/assets\/platform\/Google\/star\/f.svg\" alt=\"Google\" width=\"17\" height=\"17\" loading=\"lazy\"><\/trustindex-image><trustindex-image class=\"ti-star\" data-imgurl=\"https:\/\/cdn.trustindex.io\/assets\/platform\/Google\/star\/f.svg\" alt=\"Google\" width=\"17\" height=\"17\" loading=\"lazy\"><\/trustindex-image><trustindex-image class=\"ti-star\" data-imgurl=\"https:\/\/cdn.trustindex.io\/assets\/platform\/Google\/star\/f.svg\" alt=\"Google\" width=\"17\" height=\"17\" loading=\"lazy\"><\/trustindex-image><span class=\"ti-verified-review ti-verified-platform\"><span class=\"ti-verified-tooltip\">A Trustindex hiteles\u00edti, hogy a v\u00e9lem\u00e9ny eredeti forr\u00e1sa Google.<\/span><\/span><\/span> <div class=\"ti-review-text-container ti-review-content\"><!-- R-CONTENT -->Szuper j\u00f3, sz\u00e9p term\u00e9ket kaptam. A felad\u00e1si id\u0151 is az \u00edg\u00e9rtn\u00e9l kor\u00e1bbi volt. Email \u00fczenetre p\u00e1r \u00f3ra alatt v\u00e1laszoltak.\nAj\u00e1nlom \u0151ket, \u00e9s innen is tov\u00e1bbi sikeres munk\u00e1t k\u00edv\u00e1nok Nekik! \u2764\ufe0f\n\u00c9s k\u00f6sz\u00f6n\u00f6m az aj\u00e1nd\u00e9kot, nagyon j\u00f3l esett.<br \/><br \/><strong class=\"ti-reply-by-owner-title\">V\u00e1lasz a tulajdonost\u00f3l<\/strong><br \/>Kedves Rita!\nNagyon sz\u00e9pen k\u00f6sz\u00f6nj\u00fck a kedves szavakat! \u00d6r\u00fcl\u00fcnk, hogy el\u00e9gedett volt\u00e1l a term\u00e9kkel \u00e9s a gyors v\u00e1lasszal is. J\u00f3 \u00e9rz\u00e9s, hogy az aj\u00e1nd\u00e9k is \u00f6r\u00f6met okozott. K\u00f6sz\u00f6nj\u00fck, hogy aj\u00e1nlasz minket, sokat jelent! \ud83d\ude42\n\u00dcdv: M\u00f3nika \u00e9s Tam\u00e1s<!-- R-CONTENT --><\/div> <span class=\"ti-read-more\" data-container=\".ti-review-content\" data-collapse-text=\"Elrejt\" data-open-text=\"Olvass tov\u00e1bb\"><\/span> <\/div> <\/div>  <div data-empty=\"0\" data-time=\"1747612800\" class=\"ti-review-item source-Google ti-image-layout-thumbnail\" data-id=\"cfcd208495d565ef66e7dff9f98764da\"> <div class=\"ti-inner\"> <div class=\"ti-review-header\"> <div class=\"ti-platform-icon ti-with-tooltip\"> <span class=\"ti-tooltip\">K\u00f6zz\u00e9t\u00e9ve itt: <\/span> <trustindex-image data-imgurl=\"https:\/\/cdn.trustindex.io\/assets\/platform\/Google\/icon.svg\" alt=\"\" width=\"20\" height=\"20\" loading=\"lazy\"><\/trustindex-image> <\/div> <div class=\"ti-profile-img\"> <trustindex-image data-imgurl=\"https:\/\/lh3.googleusercontent.com\/a\/ACg8ocJ0I6YnDmxcIXtrH9lT41qcZTuGVM2_ddkVBdAwwCj4uWBa3w=w40-h40-c-rp-mo-br100\" alt=\"Nikolett Z\u00e9ti profile picture\" loading=\"lazy\"><\/trustindex-image> <\/div> <div class=\"ti-profile-details\"> <div class=\"ti-name\"> Nikolett Z\u00e9ti <\/div> <div class=\"ti-date\"><\/div> <\/div> <\/div> <span class=\"ti-stars\"><trustindex-image class=\"ti-star\" data-imgurl=\"https:\/\/cdn.trustindex.io\/assets\/platform\/Google\/star\/f.svg\" alt=\"Google\" width=\"17\" height=\"17\" loading=\"lazy\"><\/trustindex-image><trustindex-image class=\"ti-star\" data-imgurl=\"https:\/\/cdn.trustindex.io\/assets\/platform\/Google\/star\/f.svg\" alt=\"Google\" width=\"17\" height=\"17\" loading=\"lazy\"><\/trustindex-image><trustindex-image class=\"ti-star\" data-imgurl=\"https:\/\/cdn.trustindex.io\/assets\/platform\/Google\/star\/f.svg\" alt=\"Google\" width=\"17\" height=\"17\" loading=\"lazy\"><\/trustindex-image><trustindex-image class=\"ti-star\" data-imgurl=\"https:\/\/cdn.trustindex.io\/assets\/platform\/Google\/star\/f.svg\" alt=\"Google\" width=\"17\" height=\"17\" loading=\"lazy\"><\/trustindex-image><trustindex-image class=\"ti-star\" data-imgurl=\"https:\/\/cdn.trustindex.io\/assets\/platform\/Google\/star\/f.svg\" alt=\"Google\" width=\"17\" height=\"17\" loading=\"lazy\"><\/trustindex-image><span class=\"ti-verified-review ti-verified-platform\"><span class=\"ti-verified-tooltip\">A Trustindex hiteles\u00edti, hogy a v\u00e9lem\u00e9ny eredeti forr\u00e1sa Google.<\/span><\/span><\/span> <div class=\"ti-review-text-container ti-review-content\"><!-- R-CONTENT -->Nagyon kedvesek \u00e9s seg\u00edt\u0151k\u00e9szek voltak.\nA term\u00e9k gyorsan elk\u00e9sz\u00fclt, \u00fcgyesen meg is kaptam.  Sz\u00e9p, prec\u00edz munka, csak aj\u00e1nlani tudom! A kis meglepi pedig mosolyt csal az arcunkra!<br \/><br \/><strong class=\"ti-reply-by-owner-title\">V\u00e1lasz a tulajdonost\u00f3l<\/strong><br \/>Kedves Nikolett! \nNagyon \u00f6r\u00fcl\u00fcnk, hogy el\u00e9gedett volt\u00e1l a v\u00e1s\u00e1rl\u00e1ssal, nagyra \u00e9rt\u00e9jelj\u00fck, hogy sz\u00e1nt\u00e1l id\u0151t az \u00e9rt\u00e9kel\u00e9sre! J\u00f3 \u00e9rz\u00e9s tudni, hogy a kis aj\u00e1nd\u00e9k is \u00f6r\u00f6met okozott \u2013 v\u00e1runk vissza m\u00e1skor is szeretettel! Sz\u00e9p napot k\u00edv\u00e1nunk!<!-- R-CONTENT --><\/div> <span class=\"ti-read-more\" data-container=\".ti-review-content\" data-collapse-text=\"Elrejt\" data-open-text=\"Olvass tov\u00e1bb\"><\/span> <\/div> <\/div>  <div data-empty=\"0\" data-time=\"1745798400\" class=\"ti-review-item source-Google ti-image-layout-thumbnail\" data-id=\"cfcd208495d565ef66e7dff9f98764da\"> <div class=\"ti-inner\"> <div class=\"ti-review-header\"> <div class=\"ti-platform-icon ti-with-tooltip\"> <span class=\"ti-tooltip\">K\u00f6zz\u00e9t\u00e9ve itt: <\/span> <trustindex-image data-imgurl=\"https:\/\/cdn.trustindex.io\/assets\/platform\/Google\/icon.svg\" alt=\"\" width=\"20\" height=\"20\" loading=\"lazy\"><\/trustindex-image> <\/div> <div class=\"ti-profile-img\"> <trustindex-image data-imgurl=\"https:\/\/lh3.googleusercontent.com\/a-\/ALV-UjWGcPxKL0v_O9vsrKk_6aFRm2eIGdMLEz3kbYsQAczAN-byivg=w40-h40-c-rp-mo-br100\" alt=\"Judit Mur\u00e1nyi profile picture\" loading=\"lazy\"><\/trustindex-image> <\/div> <div class=\"ti-profile-details\"> <div class=\"ti-name\"> Judit Mur\u00e1nyi <\/div> <div class=\"ti-date\"><\/div> <\/div> <\/div> <span class=\"ti-stars\"><trustindex-image class=\"ti-star\" data-imgurl=\"https:\/\/cdn.trustindex.io\/assets\/platform\/Google\/star\/f.svg\" alt=\"Google\" width=\"17\" height=\"17\" loading=\"lazy\"><\/trustindex-image><trustindex-image class=\"ti-star\" data-imgurl=\"https:\/\/cdn.trustindex.io\/assets\/platform\/Google\/star\/f.svg\" alt=\"Google\" width=\"17\" height=\"17\" loading=\"lazy\"><\/trustindex-image><trustindex-image class=\"ti-star\" data-imgurl=\"https:\/\/cdn.trustindex.io\/assets\/platform\/Google\/star\/f.svg\" alt=\"Google\" width=\"17\" height=\"17\" loading=\"lazy\"><\/trustindex-image><trustindex-image class=\"ti-star\" data-imgurl=\"https:\/\/cdn.trustindex.io\/assets\/platform\/Google\/star\/f.svg\" alt=\"Google\" width=\"17\" height=\"17\" loading=\"lazy\"><\/trustindex-image><trustindex-image class=\"ti-star\" data-imgurl=\"https:\/\/cdn.trustindex.io\/assets\/platform\/Google\/star\/f.svg\" alt=\"Google\" width=\"17\" height=\"17\" loading=\"lazy\"><\/trustindex-image><span class=\"ti-verified-review ti-verified-platform\"><span class=\"ti-verified-tooltip\">A Trustindex hiteles\u00edti, hogy a v\u00e9lem\u00e9ny eredeti forr\u00e1sa Google.<\/span><\/span><\/span> <div class=\"ti-review-text-container ti-review-content\"><!-- R-CONTENT -->Gy\u00f6ny\u00f6r\u0171 sz\u00e9p munka,vill\u00e1mgyors sz\u00e1ll\u00edt\u00e1s,profi csomagol\u00e1s \u00e9s ezek mellett kommunikat\u00edv nagyon kedves elad\u00f3k ! Ne habozzatok, rendeljetek b\u00e1tran ! Els\u0151 v\u00e1s\u00e1rl\u00e1som volt,de tuti nem az utols\u00f3 ! K\u00f6sz\u00f6n\u00f6m a meglepi aj\u00e1nd\u00e9kot is!!<br \/><br \/><strong class=\"ti-reply-by-owner-title\">V\u00e1lasz a tulajdonost\u00f3l<\/strong><br \/>Szia Judit!\nNagyon sz\u00e9pen k\u00f6sz\u00f6nj\u00fck a kedves visszajelz\u00e9st, igaz\u00e1n j\u00f3lestek a szavaid! Nagyon fontos sz\u00e1munkra a v\u00e9lem\u00e9nyed, mert ezekb\u0151l tudunk \u00e9p\u00edtkezni. \u00d6r\u00fcl\u00fcnk, hogy el\u00e9gedett volt\u00e1l, \u00e9s hogy a meglepi is tetszett! V\u00e1runk vissza szeretettel! \u00dcdv: M\u00f3nika \u00e9s Tam\u00e1s<!-- R-CONTENT --><\/div> <span class=\"ti-read-more\" data-container=\".ti-review-content\" data-collapse-text=\"Elrejt\" data-open-text=\"Olvass tov\u00e1bb\"><\/span> <\/div> <\/div>  <\/div> <div class=\"ti-controls-line\"> <div class=\"dot\"><\/div> <\/div>   <div class=\"ti-verified-by ti-verified-by-row\" data-style=\"2\"> <div class=\"ti-inner\"> Igazolta: Trustindex <span class=\"ti-info-icon\"><\/span> <div class=\"ti-disclaimer\">A Trustindex hiteles\u00edtett jelv\u00e9nye az Egyetemes Bizalom Szimb\u00f3luma. Csak a legjobb v\u00e1llalatok kaphatj\u00e1k meg a hiteles\u00edtett jelv\u00e9nyt, akiknek az \u00e9rt\u00e9kel\u00e9se meghaladja a 4.5 \u00e9rt\u00e9ket, az elm\u00falt 12 h\u00f3nap v\u00e1s\u00e1rl\u00f3i v\u00e9lem\u00e9nyei alapj\u00e1n. <a href=\"https:\/\/www.trustindex.io\/?a=sys&amp;c=wp-verified-badge&amp;url=\/the-trustindex-verified-badge\/\" target=\"_blank\">Tov\u00e1bbi inform\u00e1ci\u00f3<\/a><\/div> <\/div> <\/div>  <\/div> <\/div> <\/div> <\/template><\/pre><div data-src=\"https:\/\/cdn.trustindex.io\/loader.js?wp-widget\" data-template-id=\"trustindex-google-widget-html\" data-css-url=\"https:\/\/velemenyek.mtgravir.hu\/wp-content\/uploads\/trustindex-google-widget.css?1773265206\"><\/div><\/div>\n\t\t\t\t\t\t<\/div>\n\t\t\t\t\t<\/div>\n\t\t\t\t<\/div>\n\t\t\t\t<\/div>\n\t\t","protected":false},"excerpt":{"rendered":"<p>Ir\u00e1ny a webshop \u2192 N\u00e9zd meg mit mondanak r\u00f3lunk a v\u00e1s\u00e1rl\u00f3ink \u2b50\u2b50\u2b50\u2b50 5.0 \/ 5 \u00e9rt\u00e9kel\u00e9s 81 Google-v\u00e9lem\u00e9ny alapj\u00e1n<\/p>\n","protected":false},"author":1,"featured_media":0,"parent":0,"menu_order":0,"comment_status":"closed","ping_status":"closed","template":"elementor_canvas","meta":{"footnotes":""},"class_list":["post-10","page","type-page","status-publish","hentry"],"_links":{"self":[{"href":"https:\/\/velemenyek.mtgravir.hu\/index.php?rest_route=\/wp\/v2\/pages\/10","targetHints":{"allow":["GET"]}}],"collection":[{"href":"https:\/\/velemenyek.mtgravir.hu\/index.php?rest_route=\/wp\/v2\/pages"}],"about":[{"href":"https:\/\/velemenyek.mtgravir.hu\/index.php?rest_route=\/wp\/v2\/types\/page"}],"author":[{"embeddable":true,"href":"https:\/\/velemenyek.mtgravir.hu\/index.php?rest_route=\/wp\/v2\/users\/1"}],"replies":[{"embeddable":true,"href":"https:\/\/velemenyek.mtgravir.hu\/index.php?rest_route=%2Fwp%2Fv2%2Fcomments&post=10"}],"version-history":[{"count":85,"href":"https:\/\/velemenyek.mtgravir.hu\/index.php?rest_route=\/wp\/v2\/pages\/10\/revisions"}],"predecessor-version":[{"id":904,"href":"https:\/\/velemenyek.mtgravir.hu\/index.php?rest_route=\/wp\/v2\/pages\/10\/revisions\/904"}],"wp:attachment":[{"href":"https:\/\/velemenyek.mtgravir.hu\/index.php?rest_route=%2Fwp%2Fv2%2Fmedia&parent=10"}],"curies":[{"name":"wp","href":"https:\/\/api.w.org\/{rel}","templated":true}]}}